{"id":604,"date":"2023-10-16T21:10:10","date_gmt":"2023-10-16T19:10:10","guid":{"rendered":"https:\/\/www.modellflug-micheldorf.at\/smbc\/?page_id=604"},"modified":"2023-10-19T08:32:34","modified_gmt":"2023-10-19T06:32:34","slug":"impressum-datenschutz","status":"publish","type":"page","link":"https:\/\/www.modellflug-micheldorf.at\/smbc\/impressum-datenschutz\/","title":{"rendered":"Impressum &#038; Datenschutz"},"content":{"rendered":"\n<p class=\"has-medium-font-size\"><strong>Impressum<\/strong><\/p>\n\n\n\n<p class=\"has-medium-font-size\">Segelflug- und Modellflugclub Kirchdorf\/Micheldorf<\/p>\n\n\n\n<p class=\"has-medium-font-size\">Sektion Modellflug<\/p>\n\n\n\n<p class=\"has-medium-font-size\">Flugplatzstra\u00dfe 15,\u00a0 A-4563 Micheldorf<br>Sektionsleiter: Bernhard Hofmann<\/p>\n\n\n\n<p class=\"has-medium-font-size\">E-Mail: smbc@modellflug-micheldorf.at<br>Telefon: 0680\/3159656<\/p>\n\n\n\n<p class=\"has-medium-font-size\">Eingetragen im Zentralen Vereinsregister: ZVR-Zahl 848382593<\/p>\n\n\n\n<p class=\"has-medium-font-size\">Rechtliche Hinweise:<\/p>\n\n\n\n<p class=\"has-medium-font-size\">Diese Website enth\u00e4lt Hinweise auf andere Eigentumsrechte und Informationen zu Urheberrechten, die befolgt werden m\u00fcssen. Dies gilt insbesondere f\u00fcr Logos, Bilder,Tondateien und Videos.<\/p>\n\n\n\n<p class=\"has-medium-font-size\">Das Herunterladen, Drucken und Speichern von Dateien dieser Website f\u00fcr den ausschlie\u00dflich privaten Gebrauch ist gestattet, dar\u00fcber hinaus gehende Nutzung bedarf der ausdr\u00fccklichen Zustimmung des SMBC Micheldorf.Der SMBC Micheldorf \u00fcbernimmt keine Haftung f\u00fcr Datenverlust oder andere technische Beeintr\u00e4chtigungen, die beim Betrachten oder Herunterladen von Daten unserer Website entstehen k\u00f6nnen. Bei Links zu anderen Webseiten \u00fcbernimmt der SMBC Micheldorf keinerlei Haftung f\u00fcr deren Inhalt.<\/p>\n\n\n\n<p class=\"has-medium-font-size\">Aus Gr\u00fcnden der vereinfachten Lesbarkeit wurde von einer geschlechtsneutralen Schreibweise der auf nat\u00fcrliche Personen bezogenen Bezeichnungen gro\u00dfteils Abstand genommen. Soweit derartige Bezeichnungen nur in m\u00e4nnlicher Form angef\u00fchrt sind, beziehen sie sich in gleicher Weise auf weibliche Personen.<\/p>\n\n\n\n<p class=\"has-medium-font-size\">Sollte es irgendwelche Fehler, Irrt\u00fcmer oder Gr\u00fcnde zur Beanstandung auf dieser Site geben, so informieren Sie uns via Email und wir werden dies schnellstm\u00f6glich pr\u00fcfen und ggf. korrigieren.<\/p>\n\n\n\n<p class=\"has-medium-font-size\">Webdesign, Gestaltung, Programmierung &amp; technische Durchf\u00fchrung:<\/p>\n\n\n\n<p class=\"has-medium-font-size\">Team der Sektion Modellflug (Klaus Schmidlehner, Laurenz Kaiser)<\/p>\n\n\n\n<hr class=\"wp-block-separator has-alpha-channel-opacity\"\/>\n\n\n\n<p class=\"has-medium-font-size\"><strong>Datenschutzerkl\u00e4rung<\/strong><\/p>\n\n\n\n<p class=\"has-medium-font-size\">Stand: 20.07.2018<\/p>\n\n\n\n<p class=\"has-medium-font-size\"><strong>Erkl\u00e4rung zur Informationspflicht<\/strong><\/p>\n\n\n\n<p class=\"has-medium-font-size\">Der Schutz Ihrer pers\u00f6nlichen Daten ist uns ein besonderes Anliegen. Wir verarbeiten Ihre Daten daher ausschlie\u00dflich auf Grundlage der gesetzlichen Bestimmungen (DSGVO, TKG 2003). In diesen Datenschutzinformationen informieren wir Sie \u00fcber die wichtigsten Aspekte der Datenverarbeitung im Rahmen unserer Website.<\/p>\n\n\n\n<p class=\"has-medium-font-size\"><strong>Kontakt mit uns<\/strong><\/p>\n\n\n\n<p class=\"has-medium-font-size\">Wenn Sie per Formular auf der Website oder per E-Mail Kontakt mit uns aufnehmen, werden Ihre angegebenen Daten zwecks Bearbeitung der Anfrage und f\u00fcr den Fall von Anschlussfragen sechs Monate bei uns gespeichert. Diese Daten geben wir nicht ohne Ihre Einwilligung weiter.<\/p>\n\n\n\n<p class=\"has-medium-font-size\"><strong>Cookies<\/strong><\/p>\n\n\n\n<p class=\"has-medium-font-size\">Unsere Website verwendet so genannte Cookies. Dabei handelt es sich um kleine Textdateien, die mit Hilfe des Browsers auf Ihrem Endger\u00e4t abgelegt werden. Sie richten keinen Schaden an. Wir nutzen Cookies dazu, unser Angebot nutzerfreundlich zu gestalten. Einige Cookies bleiben auf Ihrem Endger\u00e4t gespeichert, bis Sie diese l\u00f6schen. Sie erm\u00f6glichen es uns, Ihren Browser beim n\u00e4chsten Besuch wiederzuerkennen.<\/p>\n\n\n\n<p class=\"has-medium-font-size\">Wenn Sie dies nicht w\u00fcnschen, so k\u00f6nnen Sie Ihren Browser so einrichten, dass er Sie \u00fcber das Setzen von Cookies informiert und Sie dies nur im Einzelfall erlauben.<\/p>\n\n\n\n<p class=\"has-medium-font-size\">Bei der Deaktivierung von Cookies kann die Funktionalit\u00e4t unserer Website eingeschr\u00e4nkt sein.<\/p>\n\n\n\n<p class=\"has-medium-font-size\"><strong>Ihre Rechte<\/strong><\/p>\n\n\n\n<p class=\"has-medium-font-size\">Ihnen stehen bez\u00fcglich Ihrer bei uns gespeicherten Daten grunds\u00e4tzlich die Rechte auf Auskunft, Berichtigung, L\u00f6schung, Einschr\u00e4nkung, Daten\u00fcbertragbarkeit, Widerruf und Widerspruch zu. Wenn Sie glauben, dass die Verarbeitung Ihrer Daten gegen das Datenschutzrecht verst\u00f6\u00dft oder Ihre datenschutzrechtlichen Anspr\u00fcche sonst in einer Weise verletzt worden sind, k\u00f6nnen Sie sich bei der uns [smbc@gmxat] oder der Datenschutzbeh\u00f6rde beschweren.<\/p>\n\n\n\n<p class=\"has-medium-font-size\">Sie erreichen uns unter folgenden Kontaktdaten:<\/p>\n\n\n\n<p class=\"has-medium-font-size\">Segelflug- und Modellflugclub Kirchdorf\/Micheldorf<\/p>\n\n\n\n<p class=\"has-medium-font-size\">Sektion Modellflug<\/p>\n\n\n\n<p class=\"has-medium-font-size\">Flugplatzstra\u00dfe 15,\u00a0 A-4563 Micheldorf<br>Sektionsleiter: Bernhard Hofmann<\/p>\n\n\n\n<p class=\"has-medium-font-size\">E-Mail: smbc@gmx.at<br>Telefon: 0680\/3159656<\/p>\n\n\n\n<p class=\"has-medium-font-size\"><br><br><\/p>\n","protected":false},"excerpt":{"rendered":"<p>Impressum Segelflug- und Modellflugclub Kirchdorf\/Micheldorf Sektion Modellflug Flugplatzstra\u00dfe 15,\u00a0 A-4563 MicheldorfSektionsleiter: Bernhard Hofmann E-Mail: smbc@modellflug-micheldorf.atTelefon: 0680\/3159656 Eingetragen im Zentralen Vereinsregister: ZVR-Zahl 848382593 Rechtliche Hinweise: Diese Website enth\u00e4lt Hinweise auf andere [&hellip;]<\/p>\n","protected":false},"author":2,"featured_media":0,"parent":0,"menu_order":0,"comment_status":"closed","ping_status":"closed","template":"","meta":{"footnotes":""},"class_list":["post-604","page","type-page","status-publish","czr-hentry"],"_links":{"self":[{"href":"https:\/\/www.modellflug-micheldorf.at\/smbc\/wp-json\/wp\/v2\/pages\/604","targetHints":{"allow":["GET"]}}],"collection":[{"href":"https:\/\/www.modellflug-micheldorf.at\/smbc\/wp-json\/wp\/v2\/pages"}],"about":[{"href":"https:\/\/www.modellflug-micheldorf.at\/smbc\/wp-json\/wp\/v2\/types\/page"}],"author":[{"embeddable":true,"href":"https:\/\/www.modellflug-micheldorf.at\/smbc\/wp-json\/wp\/v2\/users\/2"}],"replies":[{"embeddable":true,"href":"https:\/\/www.modellflug-micheldorf.at\/smbc\/wp-json\/wp\/v2\/comments?post=604"}],"version-history":[{"count":2,"href":"https:\/\/www.modellflug-micheldorf.at\/smbc\/wp-json\/wp\/v2\/pages\/604\/revisions"}],"predecessor-version":[{"id":615,"href":"https:\/\/www.modellflug-micheldorf.at\/smbc\/wp-json\/wp\/v2\/pages\/604\/revisions\/615"}],"wp:attachment":[{"href":"https:\/\/www.modellflug-micheldorf.at\/smbc\/wp-json\/wp\/v2\/media?parent=604"}],"curies":[{"name":"wp","href":"https:\/\/api.w.org\/{rel}","templated":true}]}}