{"id":236,"date":"2022-05-25T08:09:56","date_gmt":"2022-05-25T06:09:56","guid":{"rendered":"https:\/\/www.modellflug-micheldorf.at\/smbc\/?page_id=236"},"modified":"2024-09-11T11:47:01","modified_gmt":"2024-09-11T09:47:01","slug":"wettbewerbe","status":"publish","type":"page","link":"https:\/\/www.modellflug-micheldorf.at\/smbc\/wettbewerbe\/","title":{"rendered":"Wettbewerbe"},"content":{"rendered":"\n<p><\/p>\n\n\n\n<p><h4>8. Kremstalpokal F3L (RES) 2023, \u00d6sterreicheische Meisterschaft 2023, O\u00d6 Landesmeisterschaft 2023<\/h4>\n<pre>Der Wettbewerb f\u00fcr Micheldorf &nbsp;ist auf <a href=\"https:\/\/mg-airsports.eu\/\">https:\/\/mg-airsports.eu\/<\/a>&nbsp;aktiv und die Anmeldung&nbsp;ist offen.<br>Anmeldung zur \u00d6M bitte direkt an den Aeroclub laut Ausschreibung.<br><br>Ich hoffe, dass viele von euch mitfliegen.<br><br><\/pre>\n<p><a href=\"https:\/\/www.modellflug-micheldorf.at\/smbc\/wp-content\/uploads\/2023\/08\/A_F3L_NWI_32_2023_8.Kremstal-Pokal-2.pdf\">A_F3L_NWI_32_2023_8.Kremstal-Pokal-2<\/a><\/p>\n<p><a href=\"https:\/\/www.modellflug-micheldorf.at\/smbc\/wp-content\/uploads\/2023\/08\/Ausschreibung_A_OeM_10_F3L_SMBC_Kirchdorf_Micheldorf-1.pdf\">Ausschreibung_A_OeM_10_F3L_SMBC_Kirchdorf_Micheldorf-1<\/a><\/p>\n<p><a href=\"https:\/\/www.modellflug-micheldorf.at\/smbc\/wp-content\/uploads\/2023\/08\/A_F3L_LM_31_20223_OOE-1.pdf\">A_F3L_LM_31_20223_OOE-1<\/a><\/p><\/p>\n","protected":false},"excerpt":{"rendered":"<p>8. Kremstalpokal F3L (RES) 2023, \u00d6sterreicheische Meisterschaft 2023, O\u00d6 Landesmeisterschaft 2023 Der Wettbewerb f\u00fcr Micheldorf &nbsp;ist auf https:\/\/mg-airsports.eu\/&nbsp;aktiv und die Anmeldung&nbsp;ist offen.Anmeldung zur \u00d6M bitte direkt an den Aeroclub laut [&hellip;]<\/p>\n","protected":false},"author":2,"featured_media":0,"parent":0,"menu_order":0,"comment_status":"closed","ping_status":"closed","template":"","meta":{"footnotes":""},"class_list":["post-236","page","type-page","status-publish","czr-hentry"],"_links":{"self":[{"href":"https:\/\/www.modellflug-micheldorf.at\/smbc\/wp-json\/wp\/v2\/pages\/236","targetHints":{"allow":["GET"]}}],"collection":[{"href":"https:\/\/www.modellflug-micheldorf.at\/smbc\/wp-json\/wp\/v2\/pages"}],"about":[{"href":"https:\/\/www.modellflug-micheldorf.at\/smbc\/wp-json\/wp\/v2\/types\/page"}],"author":[{"embeddable":true,"href":"https:\/\/www.modellflug-micheldorf.at\/smbc\/wp-json\/wp\/v2\/users\/2"}],"replies":[{"embeddable":true,"href":"https:\/\/www.modellflug-micheldorf.at\/smbc\/wp-json\/wp\/v2\/comments?post=236"}],"version-history":[{"count":2,"href":"https:\/\/www.modellflug-micheldorf.at\/smbc\/wp-json\/wp\/v2\/pages\/236\/revisions"}],"predecessor-version":[{"id":1047,"href":"https:\/\/www.modellflug-micheldorf.at\/smbc\/wp-json\/wp\/v2\/pages\/236\/revisions\/1047"}],"wp:attachment":[{"href":"https:\/\/www.modellflug-micheldorf.at\/smbc\/wp-json\/wp\/v2\/media?parent=236"}],"curies":[{"name":"wp","href":"https:\/\/api.w.org\/{rel}","templated":true}]}}