{"id":234,"date":"2022-05-25T08:09:26","date_gmt":"2022-05-25T06:09:26","guid":{"rendered":"https:\/\/www.modellflug-micheldorf.at\/smbc\/?page_id=234"},"modified":"2023-09-28T18:14:49","modified_gmt":"2023-09-28T16:14:49","slug":"gastflieger","status":"publish","type":"page","link":"https:\/\/www.modellflug-micheldorf.at\/smbc\/gastflieger\/","title":{"rendered":"Gastflieger"},"content":{"rendered":"\n<p>Gastflieger haben bei uns die M\u00f6glichkeit gegen eine Geb\u00fchr von EUR 10,- pro Tag mit ausdr\u00fccklicher Genehmigung des Obmanns, eines Vorstandsmitgliedes oder einer namhaft gemachten Person im Beisein eines Vereinsmitglieds unser Vereinsgel\u00e4nge zu nutzen.<\/p>\n\n\n\n<p>Voraussetzung ist die Kenntnisnahme unserer Flugplatzordnung, eine g\u00fcltige Haftpflichtversicherung sowie Erf\u00fcllung aller Anforderungen bez\u00fcglich erforderlicher Kompetenznachweis und Registrierung als UAS-Betreiber der VO (EU) 2019\/947.<\/p>\n\n\n\n<p><\/p>\n","protected":false},"excerpt":{"rendered":"<p>Gastflieger haben bei uns die M\u00f6glichkeit gegen eine Geb\u00fchr von EUR 10,- pro Tag mit ausdr\u00fccklicher Genehmigung des Obmanns, eines Vorstandsmitgliedes oder einer namhaft gemachten Person im Beisein eines Vereinsmitglieds [&hellip;]<\/p>\n","protected":false},"author":2,"featured_media":0,"parent":0,"menu_order":0,"comment_status":"closed","ping_status":"closed","template":"","meta":{"footnotes":""},"class_list":["post-234","page","type-page","status-publish","czr-hentry"],"_links":{"self":[{"href":"https:\/\/www.modellflug-micheldorf.at\/smbc\/wp-json\/wp\/v2\/pages\/234","targetHints":{"allow":["GET"]}}],"collection":[{"href":"https:\/\/www.modellflug-micheldorf.at\/smbc\/wp-json\/wp\/v2\/pages"}],"about":[{"href":"https:\/\/www.modellflug-micheldorf.at\/smbc\/wp-json\/wp\/v2\/types\/page"}],"author":[{"embeddable":true,"href":"https:\/\/www.modellflug-micheldorf.at\/smbc\/wp-json\/wp\/v2\/users\/2"}],"replies":[{"embeddable":true,"href":"https:\/\/www.modellflug-micheldorf.at\/smbc\/wp-json\/wp\/v2\/comments?post=234"}],"version-history":[{"count":3,"href":"https:\/\/www.modellflug-micheldorf.at\/smbc\/wp-json\/wp\/v2\/pages\/234\/revisions"}],"predecessor-version":[{"id":497,"href":"https:\/\/www.modellflug-micheldorf.at\/smbc\/wp-json\/wp\/v2\/pages\/234\/revisions\/497"}],"wp:attachment":[{"href":"https:\/\/www.modellflug-micheldorf.at\/smbc\/wp-json\/wp\/v2\/media?parent=234"}],"curies":[{"name":"wp","href":"https:\/\/api.w.org\/{rel}","templated":true}]}}